{"id":135,"date":"2020-06-29T13:10:55","date_gmt":"2020-06-29T11:10:55","guid":{"rendered":"https:\/\/www.metriks.de\/?page_id=135"},"modified":"2021-08-25T17:52:19","modified_gmt":"2021-08-25T15:52:19","slug":"digitalisierung","status":"publish","type":"page","link":"https:\/\/www.metriks.de\/en\/digitalisierung\/","title":{"rendered":"Digitalization"},"content":{"rendered":"<div data-elementor-type=\"wp-page\" data-elementor-id=\"135\" class=\"elementor elementor-135\" data-elementor-post-type=\"page\">\n\t\t\t\t\t\t<section class=\"elementor-section elementor-top-section elementor-element elementor-element-97ae749 hero_container elementor-section-boxed elementor-section-height-default elementor-section-height-default\" data-id=\"97ae749\" data-element_type=\"section\" data-e-type=\"section\" data-settings=\"{&quot;background_background&quot;:&quot;gradient&quot;}\">\n\t\t\t\t\t\t<div class=\"elementor-container elementor-column-gap-default\">\n\t\t\t\t\t<div class=\"elementor-column elementor-col-100 elementor-top-column elementor-element elementor-element-619abe7\" data-id=\"619abe7\" data-element_type=\"column\" data-e-type=\"column\">\n\t\t\t<div class=\"elementor-widget-wrap elementor-element-populated\">\n\t\t\t\t\t\t<div class=\"elementor-element elementor-element-5d99495 elementor-widget elementor-widget-heading\" data-id=\"5d99495\" data-element_type=\"widget\" data-e-type=\"widget\" data-widget_type=\"heading.default\">\n\t\t\t\t<div class=\"elementor-widget-container\">\n\t\t\t\t\t<h1 class=\"elementor-heading-title elementor-size-default\">Digitalization<\/h1>\t\t\t\t<\/div>\n\t\t\t\t<\/div>\n\t\t\t\t\t<\/div>\n\t\t<\/div>\n\t\t\t\t\t<\/div>\n\t\t<\/section>\n\t\t\t\t<section class=\"elementor-section elementor-top-section elementor-element elementor-element-235ad45 elementor-section-boxed elementor-section-height-default elementor-section-height-default\" data-id=\"235ad45\" data-element_type=\"section\" data-e-type=\"section\" id=\"start\">\n\t\t\t\t\t\t<div class=\"elementor-container elementor-column-gap-default\">\n\t\t\t\t\t<div class=\"elementor-column elementor-col-50 elementor-top-column elementor-element elementor-element-e5fc832\" data-id=\"e5fc832\" data-element_type=\"column\" data-e-type=\"column\">\n\t\t\t<div class=\"elementor-widget-wrap elementor-element-populated\">\n\t\t\t\t\t\t<div class=\"elementor-element elementor-element-c21229c elementor-widget elementor-widget-spacer\" data-id=\"c21229c\" data-element_type=\"widget\" data-e-type=\"widget\" data-widget_type=\"spacer.default\">\n\t\t\t\t<div class=\"elementor-widget-container\">\n\t\t\t\t\t\t\t<div class=\"elementor-spacer\">\n\t\t\t<div class=\"elementor-spacer-inner\"><\/div>\n\t\t<\/div>\n\t\t\t\t\t\t<\/div>\n\t\t\t\t<\/div>\n\t\t\t\t<div class=\"elementor-element elementor-element-216465a elementor-widget elementor-widget-heading\" data-id=\"216465a\" data-element_type=\"widget\" data-e-type=\"widget\" data-widget_type=\"heading.default\">\n\t\t\t\t<div class=\"elementor-widget-container\">\n\t\t\t\t\t<h2 class=\"elementor-heading-title elementor-size-default\">Digitalen Wandel gestalten<\/h2>\t\t\t\t<\/div>\n\t\t\t\t<\/div>\n\t\t\t\t<div class=\"elementor-element elementor-element-0ed46d2 elementor-widget elementor-widget-image\" data-id=\"0ed46d2\" data-element_type=\"widget\" data-e-type=\"widget\" data-widget_type=\"image.default\">\n\t\t\t\t<div class=\"elementor-widget-container\">\n\t\t\t\t\t\t\t\t\t\t\t\t\t\t\t<img decoding=\"async\" width=\"234\" height=\"2\" src=\"https:\/\/www.metriks.de\/wp-content\/uploads\/2021\/03\/Line_Gold_Kurz.png\" class=\"attachment-full size-full wp-image-390\" alt=\"\" srcset=\"https:\/\/www.metriks.de\/wp-content\/uploads\/2021\/03\/Line_Gold_Kurz.png 234w, https:\/\/www.metriks.de\/wp-content\/uploads\/2021\/03\/Line_Gold_Kurz-150x2.png 150w\" sizes=\"(max-width: 234px) 100vw, 234px\" \/>\t\t\t\t\t\t\t\t\t\t\t\t\t\t\t<\/div>\n\t\t\t\t<\/div>\n\t\t\t\t<div class=\"elementor-element elementor-element-2d9e964 elementor-widget elementor-widget-text-editor\" data-id=\"2d9e964\" data-element_type=\"widget\" data-e-type=\"widget\" data-widget_type=\"text-editor.default\">\n\t\t\t\t<div class=\"elementor-widget-container\">\n\t\t\t\t\t\t\t\t\t<p>Wir erleben derzeit einen Wandel der existierenden Gesch\u00e4ftsmodelle durch zunehmende Vernetzung entlang der gesamten Wertsch\u00f6pfungskette sowie durch die autonome Kommunikation von Produkten und Systemen. Mit dem Blick in die Zukunft machen wir Organisationen bereit f\u00fcr die digitalen Welten: Von der Idee f\u00fcr neue Gesch\u00e4ftsmodelle bis zur Umsetzung.<\/p>\t\t\t\t\t\t\t\t<\/div>\n\t\t\t\t<\/div>\n\t\t\t\t\t<\/div>\n\t\t<\/div>\n\t\t\t\t<div class=\"elementor-column elementor-col-50 elementor-top-column elementor-element elementor-element-cef4d76\" data-id=\"cef4d76\" data-element_type=\"column\" data-e-type=\"column\" data-settings=\"{&quot;background_background&quot;:&quot;classic&quot;}\">\n\t\t\t<div class=\"elementor-widget-wrap elementor-element-populated\">\n\t\t\t\t\t\t<div class=\"elementor-element elementor-element-15da023 elementor-widget elementor-widget-spacer\" data-id=\"15da023\" data-element_type=\"widget\" data-e-type=\"widget\" data-widget_type=\"spacer.default\">\n\t\t\t\t<div class=\"elementor-widget-container\">\n\t\t\t\t\t\t\t<div class=\"elementor-spacer\">\n\t\t\t<div class=\"elementor-spacer-inner\"><\/div>\n\t\t<\/div>\n\t\t\t\t\t\t<\/div>\n\t\t\t\t<\/div>\n\t\t\t\t\t<\/div>\n\t\t<\/div>\n\t\t\t\t\t<\/div>\n\t\t<\/section>\n\t\t\t\t<section class=\"elementor-section elementor-top-section elementor-element elementor-element-cf4d711 elementor-section-boxed elementor-section-height-default elementor-section-height-default\" data-id=\"cf4d711\" data-element_type=\"section\" data-e-type=\"section\">\n\t\t\t\t\t\t<div class=\"elementor-container elementor-column-gap-default\">\n\t\t\t\t\t<div class=\"elementor-column elementor-col-100 elementor-top-column elementor-element elementor-element-223bd30\" data-id=\"223bd30\" data-element_type=\"column\" data-e-type=\"column\" data-settings=\"{&quot;background_background&quot;:&quot;classic&quot;}\">\n\t\t\t<div class=\"elementor-widget-wrap elementor-element-populated\">\n\t\t\t\t\t\t<section class=\"elementor-section elementor-inner-section elementor-element elementor-element-1362f49 elementor-section-boxed elementor-section-height-default elementor-section-height-default\" data-id=\"1362f49\" data-element_type=\"section\" data-e-type=\"section\">\n\t\t\t\t\t\t<div class=\"elementor-container elementor-column-gap-default\">\n\t\t\t\t\t<div class=\"elementor-column elementor-col-100 elementor-inner-column elementor-element elementor-element-8c77eb5\" data-id=\"8c77eb5\" data-element_type=\"column\" data-e-type=\"column\">\n\t\t\t<div class=\"elementor-widget-wrap elementor-element-populated\">\n\t\t\t\t\t\t<div class=\"elementor-element elementor-element-309193f elementor-widget elementor-widget-shortcode\" data-id=\"309193f\" data-element_type=\"widget\" data-e-type=\"widget\" data-widget_type=\"shortcode.default\">\n\t\t\t\t<div class=\"elementor-widget-container\">\n\t\t\t\t\t\t\t<div class=\"elementor-shortcode\"><div class=\"custom_post_container\">\t<div class=\"custom_single_post_container\">\t\t<div class=\"custom_single_post_container_content\">\t\t\t<a href=\"\/blog\/digitalisierung\/marina-datenraum\">\t\t\t\t<h3>01<\/h3>\t\t\t\t<h3>METRIKS Datenraum<\/h3><br class=\"cl-b\">\t\t\t\t<p class=\"custom_single_post_excerpt\">Digital Co-Working | Datenaustausch mit externen Partnern: Sind Sie sicher\u2026? <\/p>\t\t\t<\/a>\t\t<\/div>\t<\/div>\t<div class=\"custom_single_post_container\">\t\t<div class=\"custom_single_post_container_content\">\t\t\t<a href=\"\/blog\/digitalisierung\/digital-due-diligence\">\t\t\t\t<h3>02<\/h3>\t\t\t\t<h3>Digital Due Diligence<\/h3><br class=\"cl-b\">\t\t\t\t<p class=\"custom_single_post_excerpt\">Mit digitalen L\u00f6sungen zur Unternehmensbewertung - als Entscheidungsbasis f\u00fc...<\/p>\t\t\t<\/a>\t\t<\/div>\t<\/div>\t<div class=\"custom_single_post_container\">\t\t<div class=\"custom_single_post_container_content\">\t\t\t<a href=\"\/blog\/digitalisierung\/ein-bisschen-digital\">\t\t\t\t<h3>03<\/h3>\t\t\t\t<h3>Ein bisschen DIGITAL?<\/h3><br class=\"cl-b\">\t\t\t\t<p class=\"custom_single_post_excerpt\">Ein bisschen digital geht nicht: Um kosteng\u00fcnstiger zu produzieren, ...<\/p>\t\t\t<\/a>\t\t<\/div>\t<\/div>\t<div class=\"custom_single_post_container\">\t\t<div class=\"custom_single_post_container_content\">\t\t\t<a href=\"\/blog\/digitalisierung\/innovation-ermoeglichen\">\t\t\t\t<h3>04<\/h3>\t\t\t\t<h3>Innovation erm\u00f6glichen<\/h3><br class=\"cl-b\">\t\t\t\t<p class=\"custom_single_post_excerpt\">In den K\u00f6pfen unserer Mitarbeitenden stecken sehr viele Ideen ...<\/p>\t\t\t<\/a>\t\t<\/div>\t<\/div><\/div><\/div>\n\t\t\t\t\t\t<\/div>\n\t\t\t\t<\/div>\n\t\t\t\t\t<\/div>\n\t\t<\/div>\n\t\t\t\t\t<\/div>\n\t\t<\/section>\n\t\t\t\t<section class=\"elementor-section elementor-inner-section elementor-element elementor-element-b281f9a elementor-section-boxed elementor-section-height-default elementor-section-height-default\" data-id=\"b281f9a\" data-element_type=\"section\" data-e-type=\"section\">\n\t\t\t\t\t\t<div class=\"elementor-container elementor-column-gap-default\">\n\t\t\t\t\t<div class=\"elementor-column elementor-col-100 elementor-inner-column elementor-element elementor-element-3c704bc\" data-id=\"3c704bc\" data-element_type=\"column\" data-e-type=\"column\">\n\t\t\t<div class=\"elementor-widget-wrap elementor-element-populated\">\n\t\t\t\t\t\t<div class=\"elementor-element elementor-element-caca368 arrow_button elementor-widget__width-auto elementor-mobile-align-right elementor-widget elementor-widget-button\" data-id=\"caca368\" data-element_type=\"widget\" data-e-type=\"widget\" data-widget_type=\"button.default\">\n\t\t\t\t<div class=\"elementor-widget-container\">\n\t\t\t\t\t\t\t\t\t<div class=\"elementor-button-wrapper\">\n\t\t\t\t\t<a class=\"elementor-button elementor-button-link elementor-size-sm\" href=\"\/blog\/kategorien\/digitalisierung\/\">\n\t\t\t\t\t\t<span class=\"elementor-button-content-wrapper\">\n\t\t\t\t\t\t\t\t\t<span class=\"elementor-button-text\">Load more<\/span>\n\t\t\t\t\t<\/span>\n\t\t\t\t\t<\/a>\n\t\t\t\t<\/div>\n\t\t\t\t\t\t\t\t<\/div>\n\t\t\t\t<\/div>\n\t\t\t\t\t<\/div>\n\t\t<\/div>\n\t\t\t\t\t<\/div>\n\t\t<\/section>\n\t\t\t\t\t<\/div>\n\t\t<\/div>\n\t\t\t\t\t<\/div>\n\t\t<\/section>\n\t\t\t\t<section class=\"elementor-section elementor-top-section elementor-element elementor-element-4b7a11f elementor-section-boxed elementor-section-height-default elementor-section-height-default\" data-id=\"4b7a11f\" data-element_type=\"section\" data-e-type=\"section\" data-settings=\"{&quot;background_background&quot;:&quot;gradient&quot;}\">\n\t\t\t\t\t\t<div class=\"elementor-container elementor-column-gap-default\">\n\t\t\t\t\t<div class=\"elementor-column elementor-col-100 elementor-top-column elementor-element elementor-element-eec5705\" data-id=\"eec5705\" data-element_type=\"column\" data-e-type=\"column\">\n\t\t\t<div class=\"elementor-widget-wrap elementor-element-populated\">\n\t\t\t\t\t\t<section class=\"elementor-section elementor-inner-section elementor-element elementor-element-715b44f elementor-section-boxed elementor-section-height-default elementor-section-height-default\" data-id=\"715b44f\" data-element_type=\"section\" data-e-type=\"section\" data-settings=\"{&quot;background_background&quot;:&quot;classic&quot;}\">\n\t\t\t\t\t\t<div class=\"elementor-container elementor-column-gap-default\">\n\t\t\t\t\t<div class=\"elementor-column elementor-col-50 elementor-inner-column elementor-element elementor-element-7eed093\" data-id=\"7eed093\" data-element_type=\"column\" data-e-type=\"column\" data-settings=\"{&quot;background_background&quot;:&quot;classic&quot;}\">\n\t\t\t<div class=\"elementor-widget-wrap elementor-element-populated\">\n\t\t\t\t\t\t<div class=\"elementor-element elementor-element-89afd70 elementor-widget elementor-widget-spacer\" data-id=\"89afd70\" data-element_type=\"widget\" data-e-type=\"widget\" data-widget_type=\"spacer.default\">\n\t\t\t\t<div class=\"elementor-widget-container\">\n\t\t\t\t\t\t\t<div class=\"elementor-spacer\">\n\t\t\t<div class=\"elementor-spacer-inner\"><\/div>\n\t\t<\/div>\n\t\t\t\t\t\t<\/div>\n\t\t\t\t<\/div>\n\t\t\t\t\t<\/div>\n\t\t<\/div>\n\t\t\t\t<div class=\"elementor-column elementor-col-50 elementor-inner-column elementor-element elementor-element-271ce1a\" data-id=\"271ce1a\" data-element_type=\"column\" data-e-type=\"column\">\n\t\t\t<div class=\"elementor-widget-wrap elementor-element-populated\">\n\t\t\t\t\t\t<div class=\"elementor-element elementor-element-58849be elementor-widget elementor-widget-heading\" data-id=\"58849be\" data-element_type=\"widget\" data-e-type=\"widget\" data-widget_type=\"heading.default\">\n\t\t\t\t<div class=\"elementor-widget-container\">\n\t\t\t\t\t<h3 class=\"elementor-heading-title elementor-size-default\">Ihre Vorteile<\/h3>\t\t\t\t<\/div>\n\t\t\t\t<\/div>\n\t\t\t\t<div class=\"elementor-element elementor-element-d0d88d5 elementor-widget elementor-widget-text-editor\" data-id=\"d0d88d5\" data-element_type=\"widget\" data-e-type=\"widget\" data-widget_type=\"text-editor.default\">\n\t\t\t\t<div class=\"elementor-widget-container\">\n\t\t\t\t\t\t\t\t\t<p>Mit unserem Vorgehensmodell und unserer Umsetzungsunterst\u00fctzung erhalten Sie<\/p>\t\t\t\t\t\t\t\t<\/div>\n\t\t\t\t<\/div>\n\t\t\t\t<div class=\"elementor-element elementor-element-a9601d3 elementor-icon-list--layout-traditional elementor-list-item-link-full_width elementor-widget elementor-widget-icon-list\" data-id=\"a9601d3\" data-element_type=\"widget\" data-e-type=\"widget\" data-widget_type=\"icon-list.default\">\n\t\t\t\t<div class=\"elementor-widget-container\">\n\t\t\t\t\t\t\t<ul class=\"elementor-icon-list-items\">\n\t\t\t\t\t\t\t<li class=\"elementor-icon-list-item\">\n\t\t\t\t\t\t\t\t\t\t\t<span class=\"elementor-icon-list-icon\">\n\t\t\t\t\t\t\t<svg xmlns=\"http:\/\/www.w3.org\/2000\/svg\" width=\"31.417\" height=\"9.213\" viewbox=\"0 0 31.417 9.213\"><g id=\"Group_725\" data-name=\"Group 725\" transform=\"translate(-933 -2190.787)\"><g id=\"Group_269\" data-name=\"Group 269\" transform=\"translate(948.746 2195.394) rotate(90)\"><line id=\"Line_8\" data-name=\"Line 8\" y2=\"5.772\" transform=\"translate(0 4.48)\" stroke=\"#05424e\" stroke-linecap=\"round\" stroke-miterlimit=\"10\" stroke-width=\"2\"><\/line><line id=\"Line_9\" data-name=\"Line 9\" y1=\"1.185\" transform=\"translate(0 0)\" stroke=\"#05424e\" stroke-linecap=\"round\" stroke-miterlimit=\"10\" stroke-width=\"2\"><\/line><line id=\"Line_10\" data-name=\"Line 10\" y1=\"1.185\" transform=\"translate(0 13.561)\" stroke=\"#05424e\" stroke-linecap=\"round\" stroke-miterlimit=\"10\" stroke-width=\"2\"><\/line><\/g><path id=\"Path_45\" data-name=\"Path 45\" d=\"M311.171-39.815l-12.343-4.606,2.458,4.606-2.458,4.606Z\" transform=\"translate(653.246 2235.208)\"><\/path><\/g><\/svg>\t\t\t\t\t\t<\/span>\n\t\t\t\t\t\t\t\t\t\t<span class=\"elementor-icon-list-text\">neue und zukunftsf\u00e4hige Gesch\u00e4ftsmodelle<\/span>\n\t\t\t\t\t\t\t\t\t<\/li>\n\t\t\t\t\t\t\t\t<li class=\"elementor-icon-list-item\">\n\t\t\t\t\t\t\t\t\t\t\t<span class=\"elementor-icon-list-icon\">\n\t\t\t\t\t\t\t<svg xmlns=\"http:\/\/www.w3.org\/2000\/svg\" width=\"31.417\" height=\"9.213\" viewbox=\"0 0 31.417 9.213\"><g id=\"Group_725\" data-name=\"Group 725\" transform=\"translate(-933 -2190.787)\"><g id=\"Group_269\" data-name=\"Group 269\" transform=\"translate(948.746 2195.394) rotate(90)\"><line id=\"Line_8\" data-name=\"Line 8\" y2=\"5.772\" transform=\"translate(0 4.48)\" stroke=\"#05424e\" stroke-linecap=\"round\" stroke-miterlimit=\"10\" stroke-width=\"2\"><\/line><line id=\"Line_9\" data-name=\"Line 9\" y1=\"1.185\" transform=\"translate(0 0)\" stroke=\"#05424e\" stroke-linecap=\"round\" stroke-miterlimit=\"10\" stroke-width=\"2\"><\/line><line id=\"Line_10\" data-name=\"Line 10\" y1=\"1.185\" transform=\"translate(0 13.561)\" stroke=\"#05424e\" stroke-linecap=\"round\" stroke-miterlimit=\"10\" stroke-width=\"2\"><\/line><\/g><path id=\"Path_45\" data-name=\"Path 45\" d=\"M311.171-39.815l-12.343-4.606,2.458,4.606-2.458,4.606Z\" transform=\"translate(653.246 2235.208)\"><\/path><\/g><\/svg>\t\t\t\t\t\t<\/span>\n\t\t\t\t\t\t\t\t\t\t<span class=\"elementor-icon-list-text\">Ausbau der Innovations- und Change-Kultur <\/span>\n\t\t\t\t\t\t\t\t\t<\/li>\n\t\t\t\t\t\t\t\t<li class=\"elementor-icon-list-item\">\n\t\t\t\t\t\t\t\t\t\t\t<span class=\"elementor-icon-list-icon\">\n\t\t\t\t\t\t\t<svg xmlns=\"http:\/\/www.w3.org\/2000\/svg\" width=\"31.417\" height=\"9.213\" viewbox=\"0 0 31.417 9.213\"><g id=\"Group_725\" data-name=\"Group 725\" transform=\"translate(-933 -2190.787)\"><g id=\"Group_269\" data-name=\"Group 269\" transform=\"translate(948.746 2195.394) rotate(90)\"><line id=\"Line_8\" data-name=\"Line 8\" y2=\"5.772\" transform=\"translate(0 4.48)\" stroke=\"#05424e\" stroke-linecap=\"round\" stroke-miterlimit=\"10\" stroke-width=\"2\"><\/line><line id=\"Line_9\" data-name=\"Line 9\" y1=\"1.185\" transform=\"translate(0 0)\" stroke=\"#05424e\" stroke-linecap=\"round\" stroke-miterlimit=\"10\" stroke-width=\"2\"><\/line><line id=\"Line_10\" data-name=\"Line 10\" y1=\"1.185\" transform=\"translate(0 13.561)\" stroke=\"#05424e\" stroke-linecap=\"round\" stroke-miterlimit=\"10\" stroke-width=\"2\"><\/line><\/g><path id=\"Path_45\" data-name=\"Path 45\" d=\"M311.171-39.815l-12.343-4.606,2.458,4.606-2.458,4.606Z\" transform=\"translate(653.246 2235.208)\"><\/path><\/g><\/svg>\t\t\t\t\t\t<\/span>\n\t\t\t\t\t\t\t\t\t\t<span class=\"elementor-icon-list-text\">Kundenzentrierung und nachhaltige Kundenbeziehung<\/span>\n\t\t\t\t\t\t\t\t\t<\/li>\n\t\t\t\t\t\t\t\t<li class=\"elementor-icon-list-item\">\n\t\t\t\t\t\t\t\t\t\t\t<span class=\"elementor-icon-list-icon\">\n\t\t\t\t\t\t\t<svg xmlns=\"http:\/\/www.w3.org\/2000\/svg\" width=\"31.417\" height=\"9.213\" viewbox=\"0 0 31.417 9.213\"><g id=\"Group_725\" data-name=\"Group 725\" transform=\"translate(-933 -2190.787)\"><g id=\"Group_269\" data-name=\"Group 269\" transform=\"translate(948.746 2195.394) rotate(90)\"><line id=\"Line_8\" data-name=\"Line 8\" y2=\"5.772\" transform=\"translate(0 4.48)\" stroke=\"#05424e\" stroke-linecap=\"round\" stroke-miterlimit=\"10\" stroke-width=\"2\"><\/line><line id=\"Line_9\" data-name=\"Line 9\" y1=\"1.185\" transform=\"translate(0 0)\" stroke=\"#05424e\" stroke-linecap=\"round\" stroke-miterlimit=\"10\" stroke-width=\"2\"><\/line><line id=\"Line_10\" data-name=\"Line 10\" y1=\"1.185\" transform=\"translate(0 13.561)\" stroke=\"#05424e\" stroke-linecap=\"round\" stroke-miterlimit=\"10\" stroke-width=\"2\"><\/line><\/g><path id=\"Path_45\" data-name=\"Path 45\" d=\"M311.171-39.815l-12.343-4.606,2.458,4.606-2.458,4.606Z\" transform=\"translate(653.246 2235.208)\"><\/path><\/g><\/svg>\t\t\t\t\t\t<\/span>\n\t\t\t\t\t\t\t\t\t\t<span class=\"elementor-icon-list-text\">Agile F\u00fchrungsstrukturen und Qualifikationsmodelle<\/span>\n\t\t\t\t\t\t\t\t\t<\/li>\n\t\t\t\t\t\t<\/ul>\n\t\t\t\t\t\t<\/div>\n\t\t\t\t<\/div>\n\t\t\t\t\t<\/div>\n\t\t<\/div>\n\t\t\t\t\t<\/div>\n\t\t<\/section>\n\t\t\t\t<section class=\"elementor-section elementor-inner-section elementor-element elementor-element-45f0ea3 elementor-section-boxed elementor-section-height-default elementor-section-height-default\" data-id=\"45f0ea3\" data-element_type=\"section\" data-e-type=\"section\" data-settings=\"{&quot;background_background&quot;:&quot;classic&quot;}\">\n\t\t\t\t\t\t<div class=\"elementor-container elementor-column-gap-default\">\n\t\t\t\t\t<div class=\"elementor-column elementor-col-33 elementor-inner-column elementor-element elementor-element-6dcb766\" data-id=\"6dcb766\" data-element_type=\"column\" data-e-type=\"column\">\n\t\t\t<div class=\"elementor-widget-wrap elementor-element-populated\">\n\t\t\t\t\t\t<div class=\"elementor-element elementor-element-62775e3 elementor-align-center elementor-mobile-align-justify elementor-widget elementor-widget-button\" data-id=\"62775e3\" data-element_type=\"widget\" data-e-type=\"widget\" data-widget_type=\"button.default\">\n\t\t\t\t<div class=\"elementor-widget-container\">\n\t\t\t\t\t\t\t\t\t<div class=\"elementor-button-wrapper\">\n\t\t\t\t\t<a class=\"elementor-button elementor-button-link elementor-size-sm\" href=\"\/downloads\/?f=digitalisierung\">\n\t\t\t\t\t\t<span class=\"elementor-button-content-wrapper\">\n\t\t\t\t\t\t\t\t\t<span class=\"elementor-button-text\">Brosch\u00fcre<\/span>\n\t\t\t\t\t<\/span>\n\t\t\t\t\t<\/a>\n\t\t\t\t<\/div>\n\t\t\t\t\t\t\t\t<\/div>\n\t\t\t\t<\/div>\n\t\t\t\t\t<\/div>\n\t\t<\/div>\n\t\t\t\t<div class=\"elementor-column elementor-col-33 elementor-inner-column elementor-element elementor-element-17f41f5\" data-id=\"17f41f5\" data-element_type=\"column\" data-e-type=\"column\">\n\t\t\t<div class=\"elementor-widget-wrap elementor-element-populated\">\n\t\t\t\t\t\t<div class=\"elementor-element elementor-element-62ce710 elementor-align-center elementor-mobile-align-justify elementor-widget elementor-widget-button\" data-id=\"62ce710\" data-element_type=\"widget\" data-e-type=\"widget\" data-widget_type=\"button.default\">\n\t\t\t\t<div class=\"elementor-widget-container\">\n\t\t\t\t\t\t\t\t\t<div class=\"elementor-button-wrapper\">\n\t\t\t\t\t<a class=\"elementor-button elementor-button-link elementor-size-sm\" href=\"\/downloads\/?f=digitalisierung\">\n\t\t\t\t\t\t<span class=\"elementor-button-content-wrapper\">\n\t\t\t\t\t\t\t\t\t<span class=\"elementor-button-text\">Keynote<\/span>\n\t\t\t\t\t<\/span>\n\t\t\t\t\t<\/a>\n\t\t\t\t<\/div>\n\t\t\t\t\t\t\t\t<\/div>\n\t\t\t\t<\/div>\n\t\t\t\t\t<\/div>\n\t\t<\/div>\n\t\t\t\t<div class=\"elementor-column elementor-col-33 elementor-inner-column elementor-element elementor-element-4cea104\" data-id=\"4cea104\" data-element_type=\"column\" data-e-type=\"column\">\n\t\t\t<div class=\"elementor-widget-wrap elementor-element-populated\">\n\t\t\t\t\t\t<div class=\"elementor-element elementor-element-ddc2653 elementor-align-center elementor-mobile-align-justify elementor-widget elementor-widget-button\" data-id=\"ddc2653\" data-element_type=\"widget\" data-e-type=\"widget\" data-widget_type=\"button.default\">\n\t\t\t\t<div class=\"elementor-widget-container\">\n\t\t\t\t\t\t\t\t\t<div class=\"elementor-button-wrapper\">\n\t\t\t\t\t<a class=\"elementor-button elementor-button-link elementor-size-sm\" href=\"\/downloads\/?f=digitalisierung\">\n\t\t\t\t\t\t<span class=\"elementor-button-content-wrapper\">\n\t\t\t\t\t\t\t\t\t<span class=\"elementor-button-text\">Medieninfo<\/span>\n\t\t\t\t\t<\/span>\n\t\t\t\t\t<\/a>\n\t\t\t\t<\/div>\n\t\t\t\t\t\t\t\t<\/div>\n\t\t\t\t<\/div>\n\t\t\t\t\t<\/div>\n\t\t<\/div>\n\t\t\t\t\t<\/div>\n\t\t<\/section>\n\t\t\t\t\t<\/div>\n\t\t<\/div>\n\t\t\t\t\t<\/div>\n\t\t<\/section>\n\t\t\t\t<\/div>","protected":false},"excerpt":{"rendered":"<p>Digitalisierung Digitalen Wandel gestalten Wir erleben derzeit einen Wandel der existierenden Gesch\u00e4ftsmodelle durch zunehmende Vernetzung entlang der gesamten Wertsch\u00f6pfungskette sowie durch die autonome Kommunikation von Produkten und Systemen. Mit dem Blick in die Zukunft machen wir Organisationen bereit f\u00fcr die digitalen Welten: Von der Idee f\u00fcr neue Gesch\u00e4ftsmodelle bis zur Umsetzung. Mehr erfahren Ihre Vorteile [&hellip;]<\/p>\n","protected":false},"author":1,"featured_media":0,"parent":0,"menu_order":0,"comment_status":"closed","ping_status":"closed","template":"","meta":{"site-sidebar-layout":"no-sidebar","site-content-layout":"page-builder","ast-site-content-layout":"default","site-content-style":"default","site-sidebar-style":"default","ast-global-header-display":"","ast-banner-title-visibility":"","ast-main-header-display":"","ast-hfb-above-header-display":"","ast-hfb-below-header-display":"","ast-hfb-mobile-header-display":"","site-post-title":"disabled","ast-breadcrumbs-content":"","ast-featured-img":"disabled","footer-sml-layout":"","ast-disable-related-posts":"","theme-transparent-header-meta":"default","adv-header-id-meta":"","stick-header-meta":"","header-above-stick-meta":"","header-main-stick-meta":"","header-below-stick-meta":"","astra-migrate-meta-layouts":"default","ast-page-background-enabled":"default","ast-page-background-meta":{"desktop":{"background-color":"","background-image":"","background-repeat":"repeat","background-position":"center center","background-size":"auto","background-attachment":"scroll","background-type":"","background-media":"","overlay-type":"","overlay-color":"","overlay-opacity":"","overlay-gradient":""},"tablet":{"background-color":"","background-image":"","background-repeat":"repeat","background-position":"center center","background-size":"auto","background-attachment":"scroll","background-type":"","background-media":"","overlay-type":"","overlay-color":"","overlay-opacity":"","overlay-gradient":""},"mobile":{"background-color":"","background-image":"","background-repeat":"repeat","background-position":"center center","background-size":"auto","background-attachment":"scroll","background-type":"","background-media":"","overlay-type":"","overlay-color":"","overlay-opacity":"","overlay-gradient":""}},"ast-content-background-meta":{"desktop":{"background-color":"var(--ast-global-color-5)","background-image":"","background-repeat":"repeat","background-position":"center center","background-size":"auto","background-attachment":"scroll","background-type":"","background-media":"","overlay-type":"","overlay-color":"","overlay-opacity":"","overlay-gradient":""},"tablet":{"background-color":"var(--ast-global-color-5)","background-image":"","background-repeat":"repeat","background-position":"center center","background-size":"auto","background-attachment":"scroll","background-type":"","background-media":"","overlay-type":"","overlay-color":"","overlay-opacity":"","overlay-gradient":""},"mobile":{"background-color":"var(--ast-global-color-5)","background-image":"","background-repeat":"repeat","background-position":"center center","background-size":"auto","background-attachment":"scroll","background-type":"","background-media":"","overlay-type":"","overlay-color":"","overlay-opacity":"","overlay-gradient":""}},"footnotes":""},"class_list":["post-135","page","type-page","status-publish","hentry"],"_links":{"self":[{"href":"https:\/\/www.metriks.de\/en\/wp-json\/wp\/v2\/pages\/135","targetHints":{"allow":["GET"]}}],"collection":[{"href":"https:\/\/www.metriks.de\/en\/wp-json\/wp\/v2\/pages"}],"about":[{"href":"https:\/\/www.metriks.de\/en\/wp-json\/wp\/v2\/types\/page"}],"author":[{"embeddable":true,"href":"https:\/\/www.metriks.de\/en\/wp-json\/wp\/v2\/users\/1"}],"replies":[{"embeddable":true,"href":"https:\/\/www.metriks.de\/en\/wp-json\/wp\/v2\/comments?post=135"}],"version-history":[{"count":7,"href":"https:\/\/www.metriks.de\/en\/wp-json\/wp\/v2\/pages\/135\/revisions"}],"predecessor-version":[{"id":5568,"href":"https:\/\/www.metriks.de\/en\/wp-json\/wp\/v2\/pages\/135\/revisions\/5568"}],"wp:attachment":[{"href":"https:\/\/www.metriks.de\/en\/wp-json\/wp\/v2\/media?parent=135"}],"curies":[{"name":"wp","href":"https:\/\/api.w.org\/{rel}","templated":true}]}}