{"id":1582,"date":"2021-04-08T21:57:33","date_gmt":"2021-04-08T19:57:33","guid":{"rendered":"https:\/\/www.metriks.de\/?page_id=1582"},"modified":"2021-05-05T15:38:51","modified_gmt":"2021-05-05T13:38:51","slug":"entwicklung","status":"publish","type":"page","link":"https:\/\/www.metriks.de\/en\/entwicklung\/","title":{"rendered":"Development"},"content":{"rendered":"<div data-elementor-type=\"wp-page\" data-elementor-id=\"1582\" class=\"elementor elementor-1582\" data-elementor-post-type=\"page\">\n\t\t\t\t\t\t<section class=\"elementor-section elementor-top-section elementor-element elementor-element-97ae749 hero_container elementor-section-boxed elementor-section-height-default elementor-section-height-default\" data-id=\"97ae749\" data-element_type=\"section\" data-e-type=\"section\" data-settings=\"{&quot;background_background&quot;:&quot;gradient&quot;}\">\n\t\t\t\t\t\t<div class=\"elementor-container elementor-column-gap-default\">\n\t\t\t\t\t<div class=\"elementor-column elementor-col-100 elementor-top-column elementor-element elementor-element-619abe7\" data-id=\"619abe7\" data-element_type=\"column\" data-e-type=\"column\">\n\t\t\t<div class=\"elementor-widget-wrap elementor-element-populated\">\n\t\t\t\t\t\t<div class=\"elementor-element elementor-element-5d99495 elementor-widget elementor-widget-heading\" data-id=\"5d99495\" data-element_type=\"widget\" data-e-type=\"widget\" data-widget_type=\"heading.default\">\n\t\t\t\t<div class=\"elementor-widget-container\">\n\t\t\t\t\t<h1 class=\"elementor-heading-title elementor-size-default\">Development<\/h1>\t\t\t\t<\/div>\n\t\t\t\t<\/div>\n\t\t\t\t\t<\/div>\n\t\t<\/div>\n\t\t\t\t\t<\/div>\n\t\t<\/section>\n\t\t\t\t<section class=\"elementor-section elementor-top-section elementor-element elementor-element-235ad45 elementor-section-boxed elementor-section-height-default elementor-section-height-default\" data-id=\"235ad45\" data-element_type=\"section\" data-e-type=\"section\" id=\"start\">\n\t\t\t\t\t\t<div class=\"elementor-container elementor-column-gap-default\">\n\t\t\t\t\t<div class=\"elementor-column elementor-col-50 elementor-top-column elementor-element elementor-element-e5fc832\" data-id=\"e5fc832\" data-element_type=\"column\" data-e-type=\"column\">\n\t\t\t<div class=\"elementor-widget-wrap elementor-element-populated\">\n\t\t\t\t\t\t<div class=\"elementor-element elementor-element-c21229c elementor-widget elementor-widget-spacer\" data-id=\"c21229c\" data-element_type=\"widget\" data-e-type=\"widget\" data-widget_type=\"spacer.default\">\n\t\t\t\t<div class=\"elementor-widget-container\">\n\t\t\t\t\t\t\t<div class=\"elementor-spacer\">\n\t\t\t<div class=\"elementor-spacer-inner\"><\/div>\n\t\t<\/div>\n\t\t\t\t\t\t<\/div>\n\t\t\t\t<\/div>\n\t\t\t\t<div class=\"elementor-element elementor-element-216465a elementor-widget elementor-widget-heading\" data-id=\"216465a\" data-element_type=\"widget\" data-e-type=\"widget\" data-widget_type=\"heading.default\">\n\t\t\t\t<div class=\"elementor-widget-container\">\n\t\t\t\t\t<h2 class=\"elementor-heading-title elementor-size-default\">Unternehmenswert steigern<\/h2>\t\t\t\t<\/div>\n\t\t\t\t<\/div>\n\t\t\t\t<div class=\"elementor-element elementor-element-0ed46d2 elementor-widget elementor-widget-image\" data-id=\"0ed46d2\" data-element_type=\"widget\" data-e-type=\"widget\" data-widget_type=\"image.default\">\n\t\t\t\t<div class=\"elementor-widget-container\">\n\t\t\t\t\t\t\t\t\t\t\t\t\t\t\t<img decoding=\"async\" width=\"234\" height=\"2\" src=\"https:\/\/www.metriks.de\/wp-content\/uploads\/2021\/03\/Line_Gold_Kurz.png\" class=\"attachment-full size-full wp-image-390\" alt=\"\" srcset=\"https:\/\/www.metriks.de\/wp-content\/uploads\/2021\/03\/Line_Gold_Kurz.png 234w, https:\/\/www.metriks.de\/wp-content\/uploads\/2021\/03\/Line_Gold_Kurz-150x2.png 150w\" sizes=\"(max-width: 234px) 100vw, 234px\" \/>\t\t\t\t\t\t\t\t\t\t\t\t\t\t\t<\/div>\n\t\t\t\t<\/div>\n\t\t\t\t<div class=\"elementor-element elementor-element-2d9e964 elementor-widget elementor-widget-text-editor\" data-id=\"2d9e964\" data-element_type=\"widget\" data-e-type=\"widget\" data-widget_type=\"text-editor.default\">\n\t\t\t\t<div class=\"elementor-widget-container\">\n\t\t\t\t\t\t\t\t\t<p>Viele Unternehmen befinden sich in einem tief greifenden Anpassungsprozess, um Ertrag und Wachstum in nicht planbaren Zeiten zu sichern.<\/p><p>METRIKS unterst\u00fctzt seine Kunden mit unabh\u00e4ngigen Analysen und L\u00f6sungen bei der Entwicklung von strategischen Szenarien, Zielen und Handlungsalternativen \u2013 um auch aus dem \u201enicht Planbaren\u201c einen Vorteil zu gewinnen.<\/p><p>\u00a0<\/p>\t\t\t\t\t\t\t\t<\/div>\n\t\t\t\t<\/div>\n\t\t\t\t\t<\/div>\n\t\t<\/div>\n\t\t\t\t<div class=\"elementor-column elementor-col-50 elementor-top-column elementor-element elementor-element-cef4d76\" data-id=\"cef4d76\" data-element_type=\"column\" data-e-type=\"column\" data-settings=\"{&quot;background_background&quot;:&quot;classic&quot;}\">\n\t\t\t<div class=\"elementor-widget-wrap elementor-element-populated\">\n\t\t\t\t\t\t<div class=\"elementor-element elementor-element-15da023 elementor-widget elementor-widget-spacer\" data-id=\"15da023\" data-element_type=\"widget\" data-e-type=\"widget\" data-widget_type=\"spacer.default\">\n\t\t\t\t<div class=\"elementor-widget-container\">\n\t\t\t\t\t\t\t<div class=\"elementor-spacer\">\n\t\t\t<div class=\"elementor-spacer-inner\"><\/div>\n\t\t<\/div>\n\t\t\t\t\t\t<\/div>\n\t\t\t\t<\/div>\n\t\t\t\t\t<\/div>\n\t\t<\/div>\n\t\t\t\t\t<\/div>\n\t\t<\/section>\n\t\t\t\t<section class=\"elementor-section elementor-top-section elementor-element elementor-element-cf4d711 elementor-section-boxed elementor-section-height-default elementor-section-height-default\" data-id=\"cf4d711\" data-element_type=\"section\" data-e-type=\"section\">\n\t\t\t\t\t\t<div class=\"elementor-container elementor-column-gap-default\">\n\t\t\t\t\t<div class=\"elementor-column elementor-col-100 elementor-top-column elementor-element elementor-element-223bd30\" data-id=\"223bd30\" data-element_type=\"column\" data-e-type=\"column\" data-settings=\"{&quot;background_background&quot;:&quot;classic&quot;}\">\n\t\t\t<div class=\"elementor-widget-wrap elementor-element-populated\">\n\t\t\t\t\t\t<section class=\"elementor-section elementor-inner-section elementor-element elementor-element-1362f49 elementor-section-boxed elementor-section-height-default elementor-section-height-default\" data-id=\"1362f49\" data-element_type=\"section\" data-e-type=\"section\">\n\t\t\t\t\t\t<div class=\"elementor-container elementor-column-gap-default\">\n\t\t\t\t\t<div class=\"elementor-column elementor-col-100 elementor-inner-column elementor-element elementor-element-8c77eb5\" data-id=\"8c77eb5\" data-element_type=\"column\" data-e-type=\"column\">\n\t\t\t<div class=\"elementor-widget-wrap elementor-element-populated\">\n\t\t\t\t\t\t<div class=\"elementor-element elementor-element-309193f elementor-widget elementor-widget-shortcode\" data-id=\"309193f\" data-element_type=\"widget\" data-e-type=\"widget\" data-widget_type=\"shortcode.default\">\n\t\t\t\t<div class=\"elementor-widget-container\">\n\t\t\t\t\t\t\t<div class=\"elementor-shortcode\"><div class=\"custom_post_container\">\t<div class=\"custom_single_post_container\">\t\t<div class=\"custom_single_post_container_content\">\t\t\t<a href=\"\/blog\/entwicklung\/wachstum-durch-innovation\">\t\t\t\t<h3>01<\/h3>\t\t\t\t<h3>Wachstum durch Innovation<\/h3><br class=\"cl-b\">\t\t\t\t<p class=\"custom_single_post_excerpt\">Versteckte Potenziale nutzen, Innovation f\u00f6rdern: SPACE ist der Raum ...<\/p>\t\t\t<\/a>\t\t<\/div>\t<\/div>\t<div class=\"custom_single_post_container\">\t\t<div class=\"custom_single_post_container_content\">\t\t\t<a href=\"\/blog\/entwicklung\/innovation-entfesseln\">\t\t\t\t<h3>02<\/h3>\t\t\t\t<h3>Innovation entfesseln<\/h3><br class=\"cl-b\">\t\t\t\t<p class=\"custom_single_post_excerpt\">Empowerment f\u00fcr Organisationen, Teams und Mitarbeitende: Innovation ist lernbar. ...<\/p>\t\t\t<\/a>\t\t<\/div>\t<\/div>\t<div class=\"custom_single_post_container\">\t\t<div class=\"custom_single_post_container_content\">\t\t\t<a href=\"\/blog\/entwicklung\/nicht-planbare-zeiten\">\t\t\t\t<h3>03<\/h3>\t\t\t\t<h3>Nicht planbare Zeiten<\/h3><br class=\"cl-b\">\t\t\t\t<p class=\"custom_single_post_excerpt\">Die Antwort auf eine volatile Planungsbasis sind flexible Strategien, agile ...<\/p>\t\t\t<\/a>\t\t<\/div>\t<\/div>\t<div class=\"custom_single_post_container\">\t\t<div class=\"custom_single_post_container_content\">\t\t\t<a href=\"\/blog\/entwicklung\/neue-geschaftsfelder-ilog\">\t\t\t\t<h3>04<\/h3>\t\t\t\t<h3>Neue Gesch\u00e4ftsfelder<\/h3><br class=\"cl-b\">\t\t\t\t<p class=\"custom_single_post_excerpt\">Gesch\u00e4ftsinnovation in nicht planbaren Zeiten am Beispiel i-Log der ...<\/p>\t\t\t<\/a>\t\t<\/div>\t<\/div><\/div><\/div>\n\t\t\t\t\t\t<\/div>\n\t\t\t\t<\/div>\n\t\t\t\t\t<\/div>\n\t\t<\/div>\n\t\t\t\t\t<\/div>\n\t\t<\/section>\n\t\t\t\t<section class=\"elementor-section elementor-inner-section elementor-element elementor-element-b281f9a elementor-section-boxed elementor-section-height-default elementor-section-height-default\" data-id=\"b281f9a\" data-element_type=\"section\" data-e-type=\"section\">\n\t\t\t\t\t\t<div class=\"elementor-container elementor-column-gap-default\">\n\t\t\t\t\t<div class=\"elementor-column elementor-col-100 elementor-inner-column elementor-element elementor-element-3c704bc\" data-id=\"3c704bc\" data-element_type=\"column\" data-e-type=\"column\">\n\t\t\t<div class=\"elementor-widget-wrap elementor-element-populated\">\n\t\t\t\t\t\t<div class=\"elementor-element elementor-element-edda935 elementor-align-right arrow_button elementor-widget__width-auto elementor-widget elementor-widget-button\" data-id=\"edda935\" data-element_type=\"widget\" data-e-type=\"widget\" data-widget_type=\"button.default\">\n\t\t\t\t<div class=\"elementor-widget-container\">\n\t\t\t\t\t\t\t\t\t<div class=\"elementor-button-wrapper\">\n\t\t\t\t\t<a class=\"elementor-button elementor-button-link elementor-size-sm\" href=\"\/blog\/kategorien\/entwicklung\/\">\n\t\t\t\t\t\t<span class=\"elementor-button-content-wrapper\">\n\t\t\t\t\t\t\t\t\t<span class=\"elementor-button-text\">Load more<\/span>\n\t\t\t\t\t<\/span>\n\t\t\t\t\t<\/a>\n\t\t\t\t<\/div>\n\t\t\t\t\t\t\t\t<\/div>\n\t\t\t\t<\/div>\n\t\t\t\t\t<\/div>\n\t\t<\/div>\n\t\t\t\t\t<\/div>\n\t\t<\/section>\n\t\t\t\t\t<\/div>\n\t\t<\/div>\n\t\t\t\t\t<\/div>\n\t\t<\/section>\n\t\t\t\t<section class=\"elementor-section elementor-top-section elementor-element elementor-element-4b7a11f elementor-section-boxed elementor-section-height-default elementor-section-height-default\" data-id=\"4b7a11f\" data-element_type=\"section\" data-e-type=\"section\" data-settings=\"{&quot;background_background&quot;:&quot;gradient&quot;}\">\n\t\t\t\t\t\t<div class=\"elementor-container elementor-column-gap-default\">\n\t\t\t\t\t<div class=\"elementor-column elementor-col-100 elementor-top-column elementor-element elementor-element-eec5705\" data-id=\"eec5705\" data-element_type=\"column\" data-e-type=\"column\">\n\t\t\t<div class=\"elementor-widget-wrap elementor-element-populated\">\n\t\t\t\t\t\t<section class=\"elementor-section elementor-inner-section elementor-element elementor-element-715b44f elementor-section-boxed elementor-section-height-default elementor-section-height-default\" data-id=\"715b44f\" data-element_type=\"section\" data-e-type=\"section\" data-settings=\"{&quot;background_background&quot;:&quot;classic&quot;}\">\n\t\t\t\t\t\t<div class=\"elementor-container elementor-column-gap-default\">\n\t\t\t\t\t<div class=\"elementor-column elementor-col-50 elementor-inner-column elementor-element elementor-element-7eed093\" data-id=\"7eed093\" data-element_type=\"column\" data-e-type=\"column\" data-settings=\"{&quot;background_background&quot;:&quot;classic&quot;}\">\n\t\t\t<div class=\"elementor-widget-wrap elementor-element-populated\">\n\t\t\t\t\t\t<div class=\"elementor-element elementor-element-89afd70 elementor-widget elementor-widget-spacer\" data-id=\"89afd70\" data-element_type=\"widget\" data-e-type=\"widget\" data-widget_type=\"spacer.default\">\n\t\t\t\t<div class=\"elementor-widget-container\">\n\t\t\t\t\t\t\t<div class=\"elementor-spacer\">\n\t\t\t<div class=\"elementor-spacer-inner\"><\/div>\n\t\t<\/div>\n\t\t\t\t\t\t<\/div>\n\t\t\t\t<\/div>\n\t\t\t\t\t<\/div>\n\t\t<\/div>\n\t\t\t\t<div class=\"elementor-column elementor-col-50 elementor-inner-column elementor-element elementor-element-271ce1a\" data-id=\"271ce1a\" data-element_type=\"column\" data-e-type=\"column\">\n\t\t\t<div class=\"elementor-widget-wrap elementor-element-populated\">\n\t\t\t\t\t\t<div class=\"elementor-element elementor-element-58849be elementor-widget elementor-widget-heading\" data-id=\"58849be\" data-element_type=\"widget\" data-e-type=\"widget\" data-widget_type=\"heading.default\">\n\t\t\t\t<div class=\"elementor-widget-container\">\n\t\t\t\t\t<h3 class=\"elementor-heading-title elementor-size-default\">Ihre Vorteile<\/h3>\t\t\t\t<\/div>\n\t\t\t\t<\/div>\n\t\t\t\t<div class=\"elementor-element elementor-element-a9601d3 elementor-icon-list--layout-traditional elementor-list-item-link-full_width elementor-widget elementor-widget-icon-list\" data-id=\"a9601d3\" data-element_type=\"widget\" data-e-type=\"widget\" data-widget_type=\"icon-list.default\">\n\t\t\t\t<div class=\"elementor-widget-container\">\n\t\t\t\t\t\t\t<ul class=\"elementor-icon-list-items\">\n\t\t\t\t\t\t\t<li class=\"elementor-icon-list-item\">\n\t\t\t\t\t\t\t\t\t\t\t<span class=\"elementor-icon-list-icon\">\n\t\t\t\t\t\t\t<svg xmlns=\"http:\/\/www.w3.org\/2000\/svg\" width=\"31.417\" height=\"9.213\" viewbox=\"0 0 31.417 9.213\"><g id=\"Group_725\" data-name=\"Group 725\" transform=\"translate(-933 -2190.787)\"><g id=\"Group_269\" data-name=\"Group 269\" transform=\"translate(948.746 2195.394) rotate(90)\"><line id=\"Line_8\" data-name=\"Line 8\" y2=\"5.772\" transform=\"translate(0 4.48)\" stroke=\"#05424e\" stroke-linecap=\"round\" stroke-miterlimit=\"10\" stroke-width=\"2\"><\/line><line id=\"Line_9\" data-name=\"Line 9\" y1=\"1.185\" transform=\"translate(0 0)\" stroke=\"#05424e\" stroke-linecap=\"round\" stroke-miterlimit=\"10\" stroke-width=\"2\"><\/line><line id=\"Line_10\" data-name=\"Line 10\" y1=\"1.185\" transform=\"translate(0 13.561)\" stroke=\"#05424e\" stroke-linecap=\"round\" stroke-miterlimit=\"10\" stroke-width=\"2\"><\/line><\/g><path id=\"Path_45\" data-name=\"Path 45\" d=\"M311.171-39.815l-12.343-4.606,2.458,4.606-2.458,4.606Z\" transform=\"translate(653.246 2235.208)\"><\/path><\/g><\/svg>\t\t\t\t\t\t<\/span>\n\t\t\t\t\t\t\t\t\t\t<span class=\"elementor-icon-list-text\">Auf Ihr Unternehmen zugeschnittene strategische Szenarien und Vorgehensmodelle<\/span>\n\t\t\t\t\t\t\t\t\t<\/li>\n\t\t\t\t\t\t\t\t<li class=\"elementor-icon-list-item\">\n\t\t\t\t\t\t\t\t\t\t\t<span class=\"elementor-icon-list-icon\">\n\t\t\t\t\t\t\t<svg xmlns=\"http:\/\/www.w3.org\/2000\/svg\" width=\"31.417\" height=\"9.213\" viewbox=\"0 0 31.417 9.213\"><g id=\"Group_725\" data-name=\"Group 725\" transform=\"translate(-933 -2190.787)\"><g id=\"Group_269\" data-name=\"Group 269\" transform=\"translate(948.746 2195.394) rotate(90)\"><line id=\"Line_8\" data-name=\"Line 8\" y2=\"5.772\" transform=\"translate(0 4.48)\" stroke=\"#05424e\" stroke-linecap=\"round\" stroke-miterlimit=\"10\" stroke-width=\"2\"><\/line><line id=\"Line_9\" data-name=\"Line 9\" y1=\"1.185\" transform=\"translate(0 0)\" stroke=\"#05424e\" stroke-linecap=\"round\" stroke-miterlimit=\"10\" stroke-width=\"2\"><\/line><line id=\"Line_10\" data-name=\"Line 10\" y1=\"1.185\" transform=\"translate(0 13.561)\" stroke=\"#05424e\" stroke-linecap=\"round\" stroke-miterlimit=\"10\" stroke-width=\"2\"><\/line><\/g><path id=\"Path_45\" data-name=\"Path 45\" d=\"M311.171-39.815l-12.343-4.606,2.458,4.606-2.458,4.606Z\" transform=\"translate(653.246 2235.208)\"><\/path><\/g><\/svg>\t\t\t\t\t\t<\/span>\n\t\t\t\t\t\t\t\t\t\t<span class=\"elementor-icon-list-text\">Differenzierte Risikobewertungen f\u00fcr Stabilisierung und Wachstum<\/span>\n\t\t\t\t\t\t\t\t\t<\/li>\n\t\t\t\t\t\t\t\t<li class=\"elementor-icon-list-item\">\n\t\t\t\t\t\t\t\t\t\t\t<span class=\"elementor-icon-list-icon\">\n\t\t\t\t\t\t\t<svg xmlns=\"http:\/\/www.w3.org\/2000\/svg\" width=\"31.417\" height=\"9.213\" viewbox=\"0 0 31.417 9.213\"><g id=\"Group_725\" data-name=\"Group 725\" transform=\"translate(-933 -2190.787)\"><g id=\"Group_269\" data-name=\"Group 269\" transform=\"translate(948.746 2195.394) rotate(90)\"><line id=\"Line_8\" data-name=\"Line 8\" y2=\"5.772\" transform=\"translate(0 4.48)\" stroke=\"#05424e\" stroke-linecap=\"round\" stroke-miterlimit=\"10\" stroke-width=\"2\"><\/line><line id=\"Line_9\" data-name=\"Line 9\" y1=\"1.185\" transform=\"translate(0 0)\" stroke=\"#05424e\" stroke-linecap=\"round\" stroke-miterlimit=\"10\" stroke-width=\"2\"><\/line><line id=\"Line_10\" data-name=\"Line 10\" y1=\"1.185\" transform=\"translate(0 13.561)\" stroke=\"#05424e\" stroke-linecap=\"round\" stroke-miterlimit=\"10\" stroke-width=\"2\"><\/line><\/g><path id=\"Path_45\" data-name=\"Path 45\" d=\"M311.171-39.815l-12.343-4.606,2.458,4.606-2.458,4.606Z\" transform=\"translate(653.246 2235.208)\"><\/path><\/g><\/svg>\t\t\t\t\t\t<\/span>\n\t\t\t\t\t\t\t\t\t\t<span class=\"elementor-icon-list-text\">Unabh\u00e4ngige Due-Diligence-Bewertungen mit Handlungsempfehlungen<\/span>\n\t\t\t\t\t\t\t\t\t<\/li>\n\t\t\t\t\t\t\t\t<li class=\"elementor-icon-list-item\">\n\t\t\t\t\t\t\t\t\t\t\t<span class=\"elementor-icon-list-icon\">\n\t\t\t\t\t\t\t<svg xmlns=\"http:\/\/www.w3.org\/2000\/svg\" width=\"31.417\" height=\"9.213\" viewbox=\"0 0 31.417 9.213\"><g id=\"Group_725\" data-name=\"Group 725\" transform=\"translate(-933 -2190.787)\"><g id=\"Group_269\" data-name=\"Group 269\" transform=\"translate(948.746 2195.394) rotate(90)\"><line id=\"Line_8\" data-name=\"Line 8\" y2=\"5.772\" transform=\"translate(0 4.48)\" stroke=\"#05424e\" stroke-linecap=\"round\" stroke-miterlimit=\"10\" stroke-width=\"2\"><\/line><line id=\"Line_9\" data-name=\"Line 9\" y1=\"1.185\" transform=\"translate(0 0)\" stroke=\"#05424e\" stroke-linecap=\"round\" stroke-miterlimit=\"10\" stroke-width=\"2\"><\/line><line id=\"Line_10\" data-name=\"Line 10\" y1=\"1.185\" transform=\"translate(0 13.561)\" stroke=\"#05424e\" stroke-linecap=\"round\" stroke-miterlimit=\"10\" stroke-width=\"2\"><\/line><\/g><path id=\"Path_45\" data-name=\"Path 45\" d=\"M311.171-39.815l-12.343-4.606,2.458,4.606-2.458,4.606Z\" transform=\"translate(653.246 2235.208)\"><\/path><\/g><\/svg>\t\t\t\t\t\t<\/span>\n\t\t\t\t\t\t\t\t\t\t<span class=\"elementor-icon-list-text\">Innovative Konzepte und Umsetzungsunterst\u00fctzung bei der Entwicklung und Etablierung neuer Gesch\u00e4ftsfelder und der erforderlichen Strukturen.<\/span>\n\t\t\t\t\t\t\t\t\t<\/li>\n\t\t\t\t\t\t<\/ul>\n\t\t\t\t\t\t<\/div>\n\t\t\t\t<\/div>\n\t\t\t\t\t<\/div>\n\t\t<\/div>\n\t\t\t\t\t<\/div>\n\t\t<\/section>\n\t\t\t\t<section class=\"elementor-section elementor-inner-section elementor-element elementor-element-45f0ea3 elementor-section-boxed elementor-section-height-default elementor-section-height-default\" data-id=\"45f0ea3\" data-element_type=\"section\" data-e-type=\"section\" data-settings=\"{&quot;background_background&quot;:&quot;classic&quot;}\">\n\t\t\t\t\t\t<div class=\"elementor-container elementor-column-gap-default\">\n\t\t\t\t\t<div class=\"elementor-column elementor-col-33 elementor-inner-column elementor-element elementor-element-6dcb766\" data-id=\"6dcb766\" data-element_type=\"column\" data-e-type=\"column\">\n\t\t\t<div class=\"elementor-widget-wrap elementor-element-populated\">\n\t\t\t\t\t\t<div class=\"elementor-element elementor-element-62775e3 elementor-align-center elementor-mobile-align-justify elementor-widget elementor-widget-button\" data-id=\"62775e3\" data-element_type=\"widget\" data-e-type=\"widget\" data-widget_type=\"button.default\">\n\t\t\t\t<div class=\"elementor-widget-container\">\n\t\t\t\t\t\t\t\t\t<div class=\"elementor-button-wrapper\">\n\t\t\t\t\t<a class=\"elementor-button elementor-button-link elementor-size-sm\" href=\"\/downloads\/?f=entwicklung\">\n\t\t\t\t\t\t<span class=\"elementor-button-content-wrapper\">\n\t\t\t\t\t\t\t\t\t<span class=\"elementor-button-text\">Brosch\u00fcre<\/span>\n\t\t\t\t\t<\/span>\n\t\t\t\t\t<\/a>\n\t\t\t\t<\/div>\n\t\t\t\t\t\t\t\t<\/div>\n\t\t\t\t<\/div>\n\t\t\t\t\t<\/div>\n\t\t<\/div>\n\t\t\t\t<div class=\"elementor-column elementor-col-33 elementor-inner-column elementor-element elementor-element-17f41f5\" data-id=\"17f41f5\" data-element_type=\"column\" data-e-type=\"column\">\n\t\t\t<div class=\"elementor-widget-wrap elementor-element-populated\">\n\t\t\t\t\t\t<div class=\"elementor-element elementor-element-62ce710 elementor-align-center elementor-mobile-align-justify elementor-widget elementor-widget-button\" data-id=\"62ce710\" data-element_type=\"widget\" data-e-type=\"widget\" data-widget_type=\"button.default\">\n\t\t\t\t<div class=\"elementor-widget-container\">\n\t\t\t\t\t\t\t\t\t<div class=\"elementor-button-wrapper\">\n\t\t\t\t\t<a class=\"elementor-button elementor-button-link elementor-size-sm\" href=\"\/downloads\/?f=entwicklung\">\n\t\t\t\t\t\t<span class=\"elementor-button-content-wrapper\">\n\t\t\t\t\t\t\t\t\t<span class=\"elementor-button-text\">Keynote<\/span>\n\t\t\t\t\t<\/span>\n\t\t\t\t\t<\/a>\n\t\t\t\t<\/div>\n\t\t\t\t\t\t\t\t<\/div>\n\t\t\t\t<\/div>\n\t\t\t\t\t<\/div>\n\t\t<\/div>\n\t\t\t\t<div class=\"elementor-column elementor-col-33 elementor-inner-column elementor-element elementor-element-4cea104\" data-id=\"4cea104\" data-element_type=\"column\" data-e-type=\"column\">\n\t\t\t<div class=\"elementor-widget-wrap elementor-element-populated\">\n\t\t\t\t\t\t<div class=\"elementor-element elementor-element-ddc2653 elementor-align-center elementor-mobile-align-justify elementor-widget elementor-widget-button\" data-id=\"ddc2653\" data-element_type=\"widget\" data-e-type=\"widget\" data-widget_type=\"button.default\">\n\t\t\t\t<div class=\"elementor-widget-container\">\n\t\t\t\t\t\t\t\t\t<div class=\"elementor-button-wrapper\">\n\t\t\t\t\t<a class=\"elementor-button elementor-button-link elementor-size-sm\" href=\"\/downloads\/?f=entwicklung\">\n\t\t\t\t\t\t<span class=\"elementor-button-content-wrapper\">\n\t\t\t\t\t\t\t\t\t<span class=\"elementor-button-text\">Medieninfo<\/span>\n\t\t\t\t\t<\/span>\n\t\t\t\t\t<\/a>\n\t\t\t\t<\/div>\n\t\t\t\t\t\t\t\t<\/div>\n\t\t\t\t<\/div>\n\t\t\t\t\t<\/div>\n\t\t<\/div>\n\t\t\t\t\t<\/div>\n\t\t<\/section>\n\t\t\t\t\t<\/div>\n\t\t<\/div>\n\t\t\t\t\t<\/div>\n\t\t<\/section>\n\t\t\t\t<\/div>","protected":false},"excerpt":{"rendered":"<p>Entwicklung Unternehmenswert steigern Viele Unternehmen befinden sich in einem tief greifenden Anpassungsprozess, um Ertrag und Wachstum in nicht planbaren Zeiten zu sichern. METRIKS unterst\u00fctzt seine Kunden mit unabh\u00e4ngigen Analysen und L\u00f6sungen bei der Entwicklung von strategischen Szenarien, Zielen und Handlungsalternativen \u2013 um auch aus dem \u201enicht Planbaren\u201c einen Vorteil zu gewinnen. \u00a0 Mehr erfahren Ihre [&hellip;]<\/p>\n","protected":false},"author":3,"featured_media":0,"parent":0,"menu_order":0,"comment_status":"closed","ping_status":"closed","template":"","meta":{"site-sidebar-layout":"no-sidebar","site-content-layout":"page-builder","ast-site-content-layout":"default","site-content-style":"default","site-sidebar-style":"default","ast-global-header-display":"","ast-banner-title-visibility":"","ast-main-header-display":"","ast-hfb-above-header-display":"","ast-hfb-below-header-display":"","ast-hfb-mobile-header-display":"","site-post-title":"disabled","ast-breadcrumbs-content":"","ast-featured-img":"disabled","footer-sml-layout":"","ast-disable-related-posts":"","theme-transparent-header-meta":"default","adv-header-id-meta":"","stick-header-meta":"default","header-above-stick-meta":"","header-main-stick-meta":"","header-below-stick-meta":"","astra-migrate-meta-layouts":"default","ast-page-background-enabled":"default","ast-page-background-meta":{"desktop":{"background-color":"","background-image":"","background-repeat":"repeat","background-position":"center center","background-size":"auto","background-attachment":"scroll","background-type":"","background-media":"","overlay-type":"","overlay-color":"","overlay-opacity":"","overlay-gradient":""},"tablet":{"background-color":"","background-image":"","background-repeat":"repeat","background-position":"center center","background-size":"auto","background-attachment":"scroll","background-type":"","background-media":"","overlay-type":"","overlay-color":"","overlay-opacity":"","overlay-gradient":""},"mobile":{"background-color":"","background-image":"","background-repeat":"repeat","background-position":"center center","background-size":"auto","background-attachment":"scroll","background-type":"","background-media":"","overlay-type":"","overlay-color":"","overlay-opacity":"","overlay-gradient":""}},"ast-content-background-meta":{"desktop":{"background-color":"var(--ast-global-color-5)","background-image":"","background-repeat":"repeat","background-position":"center center","background-size":"auto","background-attachment":"scroll","background-type":"","background-media":"","overlay-type":"","overlay-color":"","overlay-opacity":"","overlay-gradient":""},"tablet":{"background-color":"var(--ast-global-color-5)","background-image":"","background-repeat":"repeat","background-position":"center center","background-size":"auto","background-attachment":"scroll","background-type":"","background-media":"","overlay-type":"","overlay-color":"","overlay-opacity":"","overlay-gradient":""},"mobile":{"background-color":"var(--ast-global-color-5)","background-image":"","background-repeat":"repeat","background-position":"center center","background-size":"auto","background-attachment":"scroll","background-type":"","background-media":"","overlay-type":"","overlay-color":"","overlay-opacity":"","overlay-gradient":""}},"footnotes":""},"class_list":["post-1582","page","type-page","status-publish","hentry"],"_links":{"self":[{"href":"https:\/\/www.metriks.de\/en\/wp-json\/wp\/v2\/pages\/1582","targetHints":{"allow":["GET"]}}],"collection":[{"href":"https:\/\/www.metriks.de\/en\/wp-json\/wp\/v2\/pages"}],"about":[{"href":"https:\/\/www.metriks.de\/en\/wp-json\/wp\/v2\/types\/page"}],"author":[{"embeddable":true,"href":"https:\/\/www.metriks.de\/en\/wp-json\/wp\/v2\/users\/3"}],"replies":[{"embeddable":true,"href":"https:\/\/www.metriks.de\/en\/wp-json\/wp\/v2\/comments?post=1582"}],"version-history":[{"count":4,"href":"https:\/\/www.metriks.de\/en\/wp-json\/wp\/v2\/pages\/1582\/revisions"}],"predecessor-version":[{"id":5364,"href":"https:\/\/www.metriks.de\/en\/wp-json\/wp\/v2\/pages\/1582\/revisions\/5364"}],"wp:attachment":[{"href":"https:\/\/www.metriks.de\/en\/wp-json\/wp\/v2\/media?parent=1582"}],"curies":[{"name":"wp","href":"https:\/\/api.w.org\/{rel}","templated":true}]}}